{"id":1019,"date":"2023-10-31T22:12:29","date_gmt":"2023-10-31T21:12:29","guid":{"rendered":"http:\/\/astroriom.net\/v2\/?page_id=1019"},"modified":"2025-03-18T13:34:12","modified_gmt":"2025-03-18T12:34:12","slug":"prochaines-activites","status":"publish","type":"page","link":"http:\/\/astroriom.net\/v2\/?page_id=1019","title":{"rendered":"Prochaines activit\u00e9s"},"content":{"rendered":"\n<p><\/p>\n\n\n\n<ul class=\"wp-block-list\">\n<li>R\u00e9unions hebdomadaires le mercredi : Salles Barytine et Opale (2\u00e8me \u00e9tage via Entr\u00e9e A)<\/li>\n\n\n\n<li>R\u00e9unions du samedi: Salle St-Don (via Entr\u00e9e B ou C &#8211; avec code d&rsquo;acc\u00e8s)<\/li>\n<\/ul>\n\n\n\n<p>Les prochaines activit\u00e9s du club, et ainsi que celle de nos associations amies:<\/p>\n\n\n\n<figure class=\"wp-block-embed is-type-wp-embed is-provider-association-riomoise-d-039-astronomie wp-block-embed-association-riomoise-d-039-astronomie\"><div class=\"wp-block-embed__wrapper\">\n<blockquote class=\"wp-embedded-content\" data-secret=\"9zbsMtjEiG\"><a href=\"https:\/\/astroriom.net\/v2\/?p=1360\">Soir\u00e9e d&rsquo;observation 22 mars Riom<\/a><\/blockquote><iframe loading=\"lazy\" class=\"wp-embedded-content\" sandbox=\"allow-scripts\" security=\"restricted\" style=\"position: absolute; visibility: hidden;\" title=\"\u00ab\u00a0Soir\u00e9e d&rsquo;observation 22 mars Riom\u00a0\u00bb &#8212; Association Riomoise d&#039;astronomie\" src=\"https:\/\/astroriom.net\/v2\/?p=1360&#038;embed=true#?secret=lGILJkO7DT#?secret=9zbsMtjEiG\" data-secret=\"9zbsMtjEiG\" width=\"600\" height=\"338\" frameborder=\"0\" marginwidth=\"0\" marginheight=\"0\" scrolling=\"no\"><\/iframe>\n<\/div><\/figure>\n","protected":false},"excerpt":{"rendered":"<p>Les prochaines activit\u00e9s du club, et ainsi que celle de nos associations amies:<\/p>\n","protected":false},"author":1,"featured_media":0,"parent":0,"menu_order":0,"comment_status":"closed","ping_status":"closed","template":"","meta":{"footnotes":""},"class_list":["post-1019","page","type-page","status-publish","hentry","no-featured-image"],"_links":{"self":[{"href":"http:\/\/astroriom.net\/v2\/index.php?rest_route=\/wp\/v2\/pages\/1019","targetHints":{"allow":["GET"]}}],"collection":[{"href":"http:\/\/astroriom.net\/v2\/index.php?rest_route=\/wp\/v2\/pages"}],"about":[{"href":"http:\/\/astroriom.net\/v2\/index.php?rest_route=\/wp\/v2\/types\/page"}],"author":[{"embeddable":true,"href":"http:\/\/astroriom.net\/v2\/index.php?rest_route=\/wp\/v2\/users\/1"}],"replies":[{"embeddable":true,"href":"http:\/\/astroriom.net\/v2\/index.php?rest_route=%2Fwp%2Fv2%2Fcomments&post=1019"}],"version-history":[{"count":5,"href":"http:\/\/astroriom.net\/v2\/index.php?rest_route=\/wp\/v2\/pages\/1019\/revisions"}],"predecessor-version":[{"id":1363,"href":"http:\/\/astroriom.net\/v2\/index.php?rest_route=\/wp\/v2\/pages\/1019\/revisions\/1363"}],"wp:attachment":[{"href":"http:\/\/astroriom.net\/v2\/index.php?rest_route=%2Fwp%2Fv2%2Fmedia&parent=1019"}],"curies":[{"name":"wp","href":"https:\/\/api.w.org\/{rel}","templated":true}]}}